{"id":976,"date":"2025-12-05T17:41:40","date_gmt":"2025-12-05T17:41:40","guid":{"rendered":"http:\/\/143.47.246.47\/recetas\/?page_id=976"},"modified":"2025-12-05T17:46:13","modified_gmt":"2025-12-05T17:46:13","slug":"sobre-nosotros","status":"publish","type":"page","link":"https:\/\/cursearch.atspace.cc\/index.php\/sobre-nosotros\/","title":{"rendered":"SOBRE NOSOTROS"},"content":{"rendered":"<p>Bienvenido a Uchu Catering, un espacio creado para compartir las mejores recetas de comida casera, f\u00e1ciles y deliciosas.<\/p>\n<ul>\n<li>Nuestro objetivo es ofrecer:<\/li>\n<li>Recetas pr\u00e1cticas<\/li>\n<li>Consejos de cocina<\/li>\n<li>Ideas para el d\u00eda a d\u00eda<\/li>\n<li>Contenido simple y \u00fatil para todos<\/li>\n<\/ul>\n<p>Este sitio fue creado con la intenci\u00f3n de ofrecer un lugar donde cualquiera pueda encontrar inspiraci\u00f3n culinaria, sin complicaciones y con ingredientes accesibles.<\/p>\n<p><strong>Nuestra misi\u00f3n<\/strong><\/p>\n<p>Que cocinar sea simple, divertido y accesible para todos.<\/p>\n<p><strong>Nuestro compromiso<\/strong><\/p>\n<ul>\n<li>Contenido claro y original<\/li>\n<li>Publicaci\u00f3n regular de recetas<\/li>\n<li>Respeto por la privacidad del usuario<\/li>\n<li>Sitio seguro y libre de enga\u00f1os<\/li>\n<\/ul>\n","protected":false},"excerpt":{"rendered":"<p>Bienvenido a Uchu Catering, un espacio creado para compartir las mejores recetas de comida casera, f\u00e1ciles y deliciosas. Nuestro objetivo es ofrecer: Recetas pr\u00e1cticas Consejos de cocina Ideas para el d\u00eda a d\u00eda Contenido simple y \u00fatil para todos Este sitio fue creado con la intenci\u00f3n de ofrecer un lugar donde cualquiera pueda encontrar inspiraci\u00f3n &hellip; <\/p>\n","protected":false},"author":1,"featured_media":0,"parent":0,"menu_order":0,"comment_status":"closed","ping_status":"closed","template":"","meta":{"footnotes":""},"class_list":["post-976","page","type-page","status-publish","hentry"],"_links":{"self":[{"href":"https:\/\/cursearch.atspace.cc\/index.php\/wp-json\/wp\/v2\/pages\/976","targetHints":{"allow":["GET"]}}],"collection":[{"href":"https:\/\/cursearch.atspace.cc\/index.php\/wp-json\/wp\/v2\/pages"}],"about":[{"href":"https:\/\/cursearch.atspace.cc\/index.php\/wp-json\/wp\/v2\/types\/page"}],"author":[{"embeddable":true,"href":"https:\/\/cursearch.atspace.cc\/index.php\/wp-json\/wp\/v2\/users\/1"}],"replies":[{"embeddable":true,"href":"https:\/\/cursearch.atspace.cc\/index.php\/wp-json\/wp\/v2\/comments?post=976"}],"version-history":[{"count":3,"href":"https:\/\/cursearch.atspace.cc\/index.php\/wp-json\/wp\/v2\/pages\/976\/revisions"}],"predecessor-version":[{"id":980,"href":"https:\/\/cursearch.atspace.cc\/index.php\/wp-json\/wp\/v2\/pages\/976\/revisions\/980"}],"wp:attachment":[{"href":"https:\/\/cursearch.atspace.cc\/index.php\/wp-json\/wp\/v2\/media?parent=976"}],"curies":[{"name":"wp","href":"https:\/\/api.w.org\/{rel}","templated":true}]}}